{"id":229,"date":"2014-02-07T17:35:47","date_gmt":"2014-02-07T15:35:47","guid":{"rendered":"http:\/\/www.hoppe-u-partner.de\/wordpress\/?page_id=229"},"modified":"2018-03-26T12:48:51","modified_gmt":"2018-03-26T12:48:51","slug":"leistungen","status":"publish","type":"page","link":"https:\/\/www.zahnarztpraxis-landesbergen.de\/?page_id=229","title":{"rendered":"Leistungen"},"content":{"rendered":"<div class=\"csRow\">\n<div class=\"csColumnGap\" style=\"margin: 0px; padding: 0px; float: left; width: 1.56%;\"><img decoding=\"async\" src=\"http:\/\/www.hoppe-u-partner.de\/wordpress\/wp-content\/plugins\/advanced-wp-columns\/assets\/js\/plugins\/views\/img\/1x1-pixel.png\" alt=\"\" \/><\/div>\n<div class=\"csColumn\" style=\"margin: 0px; padding: 0px; float: left; width: 36%;\" data-csid=\"7b5865ce-1fc7-3699-9be5-2c80f80b57c8\" data-cswidth=\"36.0%\" data-csendpoint=\"360.50002001171873\" data-csstartpoint=\"15.000004752929687\">\n<p><img decoding=\"async\" loading=\"lazy\" src=\"https:\/\/www.zahnarztpraxis-landesbergen.de\/wp-content\/uploads\/2014\/02\/hp_aesthetik_V2.jpg\" alt=\"\" width=\"320\" height=\"200\" \/><\/p>\n<\/div>\n<div class=\"csColumnGap\" style=\"margin: 0px; padding: 0px; float: left; width: 4.17%;\"><img decoding=\"async\" src=\"http:\/\/www.hoppe-u-partner.de\/wordpress\/wp-content\/plugins\/advanced-wp-columns\/assets\/js\/plugins\/views\/img\/1x1-pixel.png\" alt=\"\" \/><\/div>\n<div class=\"csColumn\" style=\"margin: 0px; padding: 0px; float: left; width: 56.7%;\" data-csid=\"1b09fe17-80df-7d91-bbc0-4edbbbcbfd09\" data-cswidth=\"56.7%\" data-csendpoint=\"945.0000200117188\" data-csstartpoint=\"400.50002001171873\">\n<h3>\u00c4STHETIK<\/h3>\n<p style=\"text-align: justify;\">Ein sch\u00f6nes L\u00e4cheln ist das Ziel der \u00e4sthetischen Zahnmedizin. Um Ihr L\u00e4cheln, um Ihre Z\u00e4hne geht es bei der \u00e4sthetischen Zahnmedizin. Damit Sie so aussehen, wie es Ihnen gef\u00e4llt.\u00a0 Ein sch\u00f6nes L\u00e4cheln und sch\u00f6ne Z\u00e4hne f\u00fcr Sie zu gestalten ist unser Ziel.<br \/>\nDie moderne Zahnmedizin bietet hierf\u00fcr verschiedene Behandlungsmethoden an.<br \/>\nWir informieren Sie gerne unverbindlich \u00fcber die f\u00fcr Sie geeignete Therapie.<\/p>\n<\/div>\n<div class=\"csColumnGap\" style=\"margin: 0px; padding: 0px; float: left; width: 1.56%;\"><img decoding=\"async\" src=\"http:\/\/www.hoppe-u-partner.de\/wordpress\/wp-content\/plugins\/advanced-wp-columns\/assets\/js\/plugins\/views\/img\/1x1-pixel.png\" alt=\"\" \/><\/div>\n<div style=\"clear: both; float: none; display: block; visibility: hidden; width: 0px; font-size: 0px; line-height: 0;\"><\/div>\n<\/div>\n<div class=\"csRow\">\n<div class=\"csColumnGap\" style=\"margin: 0px; padding: 0px; float: left; width: 1.56%;\"><img decoding=\"async\" src=\"http:\/\/www.hoppe-u-partner.de\/wordpress\/wp-content\/plugins\/advanced-wp-columns\/assets\/js\/plugins\/views\/img\/1x1-pixel.png\" alt=\"\" \/><\/div>\n<div class=\"csColumn\" style=\"margin: 0px; padding: 0px; float: left; width: 55.3%;\" data-csid=\"206a62d2-2f49-0252-85fa-1f3555ac0e71\" data-cswidth=\"55.3%\" data-csendpoint=\"545.5000200117188\" data-csstartpoint=\"15.000004752929687\">\n<h3 style=\"text-align: justify;\">PROPHYLAXE<\/h3>\n<p style=\"text-align: justify;\">Die professionelle Zahnreinigung in der Zahnarztpraxis kann\u00a0in Zusammenhang mit h\u00e4uslicher Zahnpflege in vielen F\u00e4llen Karies und Parodontitis vermeiden.<br \/>\nProfessionelle Zahnreinigung gibt nicht nur ein gutes frisches und sauberes Gef\u00fchl im Mund: Sie beugen damit auch L\u00f6chern und Entz\u00fcndungen vor.<br \/>\nJeder Mensch ist anders und deshalb erfolgt auch im Rahmen der Prophylaxe eine individuelle Beratung \u00fcber die pers\u00f6nlich sinnvollste Zahnpflege und die erforderlichen B\u00fcrsten und Pflegemittel.<\/p>\n<\/div>\n<div class=\"csColumnGap\" style=\"margin: 0px; padding: 0px; float: left; width: 5.73%;\"><img decoding=\"async\" src=\"http:\/\/www.hoppe-u-partner.de\/wordpress\/wp-content\/plugins\/advanced-wp-columns\/assets\/js\/plugins\/views\/img\/1x1-pixel.png\" alt=\"\" \/><\/div>\n<div class=\"csColumn\" style=\"margin: 0px; padding: 0px; float: left; width: 37.4%;\" data-csid=\"bad152d8-ca88-53cf-b47e-27e1af658669\" data-cswidth=\"37.4%\" data-csendpoint=\"960.0000200117188\" data-csstartpoint=\"600.5000200117188\">\n<p><img decoding=\"async\" loading=\"lazy\" src=\"https:\/\/www.zahnarztpraxis-landesbergen.de\/wp-content\/uploads\/2013\/09\/hp_prophylaxe_V1.jpg\" alt=\"\" width=\"320\" height=\"200\" \/><\/p>\n<\/div>\n<div style=\"clear: both; float: none; display: block; visibility: hidden; width: 0px; font-size: 0px; line-height: 0;\"><\/div>\n<\/div>\n<p>&nbsp;<\/p>\n<div class=\"csRow\">\n<div class=\"csColumnGap\" style=\"margin: 0px; padding: 0px; float: left; width: 1.56%;\"><img decoding=\"async\" src=\"http:\/\/www.hoppe-u-partner.de\/wordpress\/wp-content\/plugins\/advanced-wp-columns\/assets\/js\/plugins\/views\/img\/1x1-pixel.png\" alt=\"\" \/><\/div>\n<div class=\"csColumn\" style=\"margin: 0px; padding: 0px; float: left; width: 36%;\" data-csid=\"7b5865ce-1fc7-3699-9be5-2c80f80b57c8\" data-cswidth=\"36.0%\" data-csendpoint=\"360.50002001171873\" data-csstartpoint=\"15.000004752929687\">\n<p><img decoding=\"async\" loading=\"lazy\" src=\"https:\/\/www.zahnarztpraxis-landesbergen.de\/wp-content\/uploads\/2013\/09\/hp_zahnerhaltung_V3.jpg\" alt=\"\" width=\"320\" height=\"200\" \/><\/p>\n<\/div>\n<div class=\"csColumnGap\" style=\"margin: 0px; padding: 0px; float: left; width: 4.17%;\"><img decoding=\"async\" src=\"http:\/\/www.hoppe-u-partner.de\/wordpress\/wp-content\/plugins\/advanced-wp-columns\/assets\/js\/plugins\/views\/img\/1x1-pixel.png\" alt=\"\" \/><\/div>\n<div class=\"csColumn\" style=\"margin: 0px; padding: 0px; float: left; width: 56.7%;\" data-csid=\"1b09fe17-80df-7d91-bbc0-4edbbbcbfd09\" data-cswidth=\"56.7%\" data-csendpoint=\"945.0000200117188\" data-csstartpoint=\"400.50002001171873\">\n<h3>ZAHNERHALTUNG<\/h3>\n<p style=\"text-align: justify;\">Unter Zahnerhaltung versteht man die F\u00fcllungstherapie kari\u00f6ser L\u00f6cher und anderer L\u00e4sionen. Moderne F\u00fcllungsmaterialien, wie Keramik und Composite lassen die behandelten Z\u00e4hne nat\u00fcrlich und unversehrt erscheinen, so dass man die F\u00fcllungen kaum noch erkennen kann.<br \/>\nAmalgam verarbeiten wir \u00fcberhaupt nicht.<\/p>\n<\/div>\n<div class=\"csColumnGap\" style=\"margin: 0px; padding: 0px; float: left; width: 1.56%;\"><img decoding=\"async\" src=\"http:\/\/www.hoppe-u-partner.de\/wordpress\/wp-content\/plugins\/advanced-wp-columns\/assets\/js\/plugins\/views\/img\/1x1-pixel.png\" alt=\"\" \/><\/div>\n<div style=\"clear: both; float: none; display: block; visibility: hidden; width: 0px; font-size: 0px; line-height: 0;\"><\/div>\n<\/div>\n<div class=\"csRow\">\n<div class=\"csColumnGap\" style=\"margin: 0px; padding: 0px; float: left; width: 1.56%;\"><img decoding=\"async\" src=\"http:\/\/www.hoppe-u-partner.de\/wordpress\/wp-content\/plugins\/advanced-wp-columns\/assets\/js\/plugins\/views\/img\/1x1-pixel.png\" alt=\"\" \/><\/div>\n<div class=\"csColumn\" style=\"margin: 0px; padding: 0px; float: left; width: 55.3%;\" data-csid=\"206a62d2-2f49-0252-85fa-1f3555ac0e71\" data-cswidth=\"55.3%\" data-csendpoint=\"545.5000200117188\" data-csstartpoint=\"15.000004752929687\">\n<h3 style=\"text-align: justify;\">IMPLANTOLOGIE<\/h3>\n<p style=\"text-align: justify;\">Die Implantologie ist die fortschrittlichste Methode, um verloren gegangene Z\u00e4hne zu ersetzen.<br \/>\nDie Implantate funktionieren wie k\u00fcnstliche Zahnwurzeln. Durch Implantate lassen sich kleine L\u00fccken mit Kronen, oder breite L\u00fccken mit Br\u00fccken schlie\u00dfen. Dies ist m\u00f6glich ohne gesunde Z\u00e4hne zu beschleifen. Mit Implantaten kann man herausnehmbaren Zahnersatz vermeiden.<br \/>\nBei totalen Prothesen, vor allem im Unterkiefer, kann mit Implantaten der feste Sitz der Prothese und das Kauverm\u00f6gen sehr gut verbessert werden.<\/p>\n<h3>KIEFERCHIRURGIE<\/h3>\n<p style=\"text-align: justify;\">Viele kieferchirurgische Behandlungen wie Weisheitszahnentfernungen, die Entfernung von Zysten und die Freilegung von verlagerten Z\u00e4hnen f\u00fchren wir in unserer Praxis durch. Mit Wurzelspitzenresektionen k\u00f6nnen wir Z\u00e4hne erhalten, die sonst entfernt werden m\u00fcssten.<\/p>\n<\/div>\n<div class=\"csColumnGap\" style=\"margin: 0px; padding: 0px; float: left; width: 5.73%;\"><img decoding=\"async\" src=\"http:\/\/www.hoppe-u-partner.de\/wordpress\/wp-content\/plugins\/advanced-wp-columns\/assets\/js\/plugins\/views\/img\/1x1-pixel.png\" alt=\"\" \/><\/div>\n<div class=\"csColumn\" style=\"margin: 0px; padding: 0px; float: left; width: 37.4%;\" data-csid=\"bad152d8-ca88-53cf-b47e-27e1af658669\" data-cswidth=\"37.4%\" data-csendpoint=\"960.0000200117188\" data-csstartpoint=\"600.5000200117188\">\n<p><img decoding=\"async\" loading=\"lazy\" src=\"https:\/\/www.zahnarztpraxis-landesbergen.de\/wp-content\/uploads\/2014\/02\/hp_implantologie_V3.jpg\" alt=\"\" width=\"320\" height=\"200\" \/><\/p>\n<\/div>\n<div style=\"clear: both; float: none; display: block; visibility: hidden; width: 0px; font-size: 0px; line-height: 0;\"><\/div>\n<\/div>\n<div class=\"csRow\">\n<div class=\"csColumnGap\" style=\"margin: 0px; padding: 0px; float: left; width: 1.56%;\"><img decoding=\"async\" src=\"http:\/\/www.hoppe-u-partner.de\/wordpress\/wp-content\/plugins\/advanced-wp-columns\/assets\/js\/plugins\/views\/img\/1x1-pixel.png\" alt=\"\" \/><\/div>\n<div class=\"csColumn\" style=\"margin: 0px; padding: 0px; float: left; width: 36%;\" data-csid=\"7b5865ce-1fc7-3699-9be5-2c80f80b57c8\" data-cswidth=\"36.0%\" data-csendpoint=\"360.50002001171873\" data-csstartpoint=\"15.000004752929687\">\n<p><img decoding=\"async\" loading=\"lazy\" src=\"https:\/\/www.zahnarztpraxis-landesbergen.de\/wp-content\/uploads\/2013\/09\/hp_implantologie_V2.jpg\" alt=\"\" width=\"320\" height=\"200\" \/><\/p>\n<\/div>\n<div class=\"csColumnGap\" style=\"margin: 0px; padding: 0px; float: left; width: 4.17%;\"><img decoding=\"async\" src=\"http:\/\/www.hoppe-u-partner.de\/wordpress\/wp-content\/plugins\/advanced-wp-columns\/assets\/js\/plugins\/views\/img\/1x1-pixel.png\" alt=\"\" \/><\/div>\n<div class=\"csColumn\" style=\"margin: 0px; padding: 0px; float: left; width: 56.7%;\" data-csid=\"1b09fe17-80df-7d91-bbc0-4edbbbcbfd09\" data-cswidth=\"56.7%\" data-csendpoint=\"945.0000200117188\" data-csstartpoint=\"400.50002001171873\">\n<h3>ZAHNERSATZ<\/h3>\n<div data-csid=\"206a62d2-2f49-0252-85fa-1f3555ac0e71\" data-cswidth=\"55.3%\" data-csendpoint=\"545.5000200117188\" data-csstartpoint=\"15.000004752929687\">\n<p>Zahnersatz ist erforderlich, wenn im Kiefer Z\u00e4hne fehlen oder die Z\u00e4hne stark gesch\u00e4digt sind.<br \/>\nMan unterscheidet zwischen Kronen, die einen stark gesch\u00e4digten Zahn wieder aufbauen oder Br\u00fccken, die einen oder mehrere fehlende Z\u00e4hne ersetzen.<br \/>\nWenn viele Z\u00e4hne fehlen, ist ein Ersatz manchmal nur mit herausnehmbarem Zahnersatz m\u00f6glich.\u00a0 Hier gibt es viele unterschiedliche Versorgungsm\u00f6glichkeiten, deshalb ist es sehr wichtig, dass wir sie vorher ausf\u00fchrlich \u00fcber die M\u00f6glichkeiten aufkl\u00e4ren und mit Ihnen abw\u00e4gen welches f\u00fcr Sie die beste Versorgung ist. Nicht immer ist die teuerste auch die sinnvollste L\u00f6sung.<br \/>\nF\u00fcr eine Beratung stehen wir Ihnen gerne zur Verf\u00fcgung.<\/p>\n<\/div>\n<\/div>\n<div class=\"csColumnGap\" style=\"margin: 0px; padding: 0px; float: left; width: 1.56%;\"><img decoding=\"async\" src=\"http:\/\/www.hoppe-u-partner.de\/wordpress\/wp-content\/plugins\/advanced-wp-columns\/assets\/js\/plugins\/views\/img\/1x1-pixel.png\" alt=\"\" \/><\/div>\n<div class=\"csColumnGap\" style=\"margin: 0px; padding: 0px; float: left; width: 5.73%;\"><img decoding=\"async\" src=\"http:\/\/www.hoppe-u-partner.de\/wordpress\/wp-content\/plugins\/advanced-wp-columns\/assets\/js\/plugins\/views\/img\/1x1-pixel.png\" alt=\"\" \/><\/div>\n<div class=\"csColumn\" style=\"margin: 0px; padding: 0px; float: left; width: 37.4%;\" data-csid=\"bad152d8-ca88-53cf-b47e-27e1af658669\" data-cswidth=\"37.4%\" data-csendpoint=\"960.0000200117188\" data-csstartpoint=\"600.5000200117188\"><\/div>\n<div class=\"csColumnGap\" style=\"margin: 0px; padding: 0px; float: left; width: 1.56%;\"><img decoding=\"async\" src=\"http:\/\/www.hoppe-u-partner.de\/wordpress\/wp-content\/plugins\/advanced-wp-columns\/assets\/js\/plugins\/views\/img\/1x1-pixel.png\" alt=\"\" \/><\/div>\n<div style=\"clear: both; float: none; display: block; visibility: hidden; width: 0px; font-size: 0px; line-height: 0;\"><\/div>\n<\/div>\n<div class=\"csRow\">\n<div class=\"csColumnGap\" style=\"margin: 0px; padding: 0px; float: left; width: 1.56%;\"><img decoding=\"async\" src=\"http:\/\/www.hoppe-u-partner.de\/wordpress\/wp-content\/plugins\/advanced-wp-columns\/assets\/js\/plugins\/views\/img\/1x1-pixel.png\" alt=\"\" \/><\/div>\n<div class=\"csColumn\" style=\"margin: 0px; padding: 0px; float: left; width: 55.3%;\" data-csid=\"206a62d2-2f49-0252-85fa-1f3555ac0e71\" data-cswidth=\"55.3%\" data-csendpoint=\"545.5000200117188\" data-csstartpoint=\"15.000004752929687\">\n<h3><a href=\"http:\/\/www.kfo-loccum.com\" target=\"_blank\" rel=\"noopener\">KIEFERORTHOP\u00c4DIE<\/a><\/h3>\n<p>Die Kieferorthop\u00e4die ist ein Spezialgebiet der Zahnmedizin.\u00a0 Hier geht es darum bei Kindern und Jugendlichen mit Zahn- und Kieferfehlstellungen w\u00e4hrend der Wachstumsphase ein harmonisch verzahntes und gut aussehendes Gebiss zu formen.<br \/>\nAuch bei Erwachsenen sind kieferorthop\u00e4dische Behandlungen m\u00f6glich. Hier stehen uns heute durchsichtige Schienen zur Verf\u00fcgung, die beim Tragen kaum auffallen.<br \/>\nAuch im sp\u00e4teren Alter kann es zu Wanderungen,\u00a0 Verschiebungen, L\u00fcckenbildung\u00a0 und Kippungen von Z\u00e4hnen kommen.<br \/>\nDiese Ver\u00e4nderungen k\u00f6nnen ebenfalls kieferorthop\u00e4disch korrigiert werden. Kieferorthop\u00e4dische Behandlungen finden direkt in der Partnerpraxis, <a href=\"http:\/\/www.kfo-loccum.com\" target=\"_blank\" rel=\"noopener\">KFO-Loccum<\/a>, statt.<\/p>\n<\/div>\n<div class=\"csColumnGap\" style=\"margin: 0px; padding: 0px; float: left; width: 5.73%;\"><img decoding=\"async\" src=\"http:\/\/www.hoppe-u-partner.de\/wordpress\/wp-content\/plugins\/advanced-wp-columns\/assets\/js\/plugins\/views\/img\/1x1-pixel.png\" alt=\"\" \/><\/div>\n<div class=\"csColumn\" style=\"margin: 0px; padding: 0px; float: left; width: 37.4%;\" data-csid=\"bad152d8-ca88-53cf-b47e-27e1af658669\" data-cswidth=\"37.4%\" data-csendpoint=\"960.0000200117188\" data-csstartpoint=\"600.5000200117188\">\n<p><img decoding=\"async\" loading=\"lazy\" src=\"https:\/\/www.zahnarztpraxis-landesbergen.de\/wp-content\/uploads\/2013\/09\/hp_kfo_V1.jpg\" alt=\"\" width=\"320\" height=\"200\" \/><\/p>\n<\/div>\n<div style=\"clear: both; float: none; display: block; visibility: hidden; width: 0px; font-size: 0px; line-height: 0;\"><\/div>\n<\/div>\n<p>&nbsp;<\/p>\n<div class=\"csRow\">\n<div class=\"csColumnGap\" style=\"margin: 0px; padding: 0px; float: left; width: 1.56%;\"><img decoding=\"async\" src=\"http:\/\/www.hoppe-u-partner.de\/wordpress\/wp-content\/plugins\/advanced-wp-columns\/assets\/js\/plugins\/views\/img\/1x1-pixel.png\" alt=\"\" \/><\/div>\n<div class=\"csColumnGap\" style=\"margin: 0px; padding: 0px; float: left; width: 5.73%;\"><img decoding=\"async\" src=\"http:\/\/www.hoppe-u-partner.de\/wordpress\/wp-content\/plugins\/advanced-wp-columns\/assets\/js\/plugins\/views\/img\/1x1-pixel.png\" alt=\"\" \/><\/div>\n<div class=\"csColumn\" style=\"margin: 0px; padding: 0px; float: left; width: 37.4%;\" data-csid=\"bad152d8-ca88-53cf-b47e-27e1af658669\" data-cswidth=\"37.4%\" data-csendpoint=\"960.0000200117188\" data-csstartpoint=\"600.5000200117188\"><\/div>\n<div style=\"clear: both; float: none; display: block; visibility: hidden; width: 0px; font-size: 0px; line-height: 0;\"><\/div>\n<\/div>\n<p>&nbsp;<\/p>\n<div class=\"csRow\">\n<div class=\"csColumnGap\" style=\"margin: 0px; padding: 0px; float: left; width: 1.56%;\"><img decoding=\"async\" src=\"http:\/\/www.hoppe-u-partner.de\/wordpress\/wp-content\/plugins\/advanced-wp-columns\/assets\/js\/plugins\/views\/img\/1x1-pixel.png\" alt=\"\" \/><\/div>\n<div style=\"clear: both; float: none; display: block; visibility: hidden; width: 0px; font-size: 0px; line-height: 0;\"><\/div>\n<\/div>\n<div class=\"csRow\">\n<div class=\"csColumnGap\" style=\"margin: 0px; padding: 0px; float: left; width: 1.56%;\"><img decoding=\"async\" src=\"http:\/\/www.hoppe-u-partner.de\/wordpress\/wp-content\/plugins\/advanced-wp-columns\/assets\/js\/plugins\/views\/img\/1x1-pixel.png\" alt=\"\" \/><\/div>\n<div class=\"csColumn\" style=\"margin: 0px; padding: 0px; float: left; width: 55.3%;\" data-csid=\"206a62d2-2f49-0252-85fa-1f3555ac0e71\" data-cswidth=\"55.3%\" data-csendpoint=\"545.5000200117188\" data-csstartpoint=\"15.000004752929687\"><\/div>\n<div class=\"csColumnGap\" style=\"margin: 0px; padding: 0px; float: left; width: 5.73%;\"><img decoding=\"async\" src=\"http:\/\/www.hoppe-u-partner.de\/wordpress\/wp-content\/plugins\/advanced-wp-columns\/assets\/js\/plugins\/views\/img\/1x1-pixel.png\" alt=\"\" \/><\/div>\n<div class=\"csColumn\" style=\"margin: 0px; padding: 0px; float: left; width: 37.4%;\" data-csid=\"bad152d8-ca88-53cf-b47e-27e1af658669\" data-cswidth=\"37.4%\" data-csendpoint=\"960.0000200117188\" data-csstartpoint=\"600.5000200117188\"><\/div>\n<div style=\"clear: both; float: none; display: block; visibility: hidden; width: 0px; font-size: 0px; line-height: 0;\"><\/div>\n<\/div>\n<p>&nbsp;<\/p>\n","protected":false},"excerpt":{"rendered":"<p>\u00c4STHETIK Ein sch\u00f6nes L\u00e4cheln ist das Ziel der \u00e4sthetischen Zahnmedizin. Um Ihr L\u00e4cheln, um Ihre Z\u00e4hne geht es bei der \u00e4sthetischen Zahnmedizin. Damit Sie so aussehen, wie es Ihnen gef\u00e4llt.\u00a0 Ein sch\u00f6nes L\u00e4cheln und sch\u00f6ne Z\u00e4hne f\u00fcr Sie zu gestalten ist unser Ziel. Die moderne Zahnmedizin bietet hierf\u00fcr verschiedene Behandlungsmethoden an. Wir informieren Sie gerne unverbindlich \u00fcber die f\u00fcr Sie geeignete Therapie. PROPHYLAXE Die professionelle Zahnreinigung in der Zahnarztpraxis kann\u00a0in<\/p>\n","protected":false},"author":1,"featured_media":0,"parent":0,"menu_order":0,"comment_status":"closed","ping_status":"closed","template":"","meta":[],"_links":{"self":[{"href":"https:\/\/www.zahnarztpraxis-landesbergen.de\/index.php?rest_route=\/wp\/v2\/pages\/229"}],"collection":[{"href":"https:\/\/www.zahnarztpraxis-landesbergen.de\/index.php?rest_route=\/wp\/v2\/pages"}],"about":[{"href":"https:\/\/www.zahnarztpraxis-landesbergen.de\/index.php?rest_route=\/wp\/v2\/types\/page"}],"author":[{"embeddable":true,"href":"https:\/\/www.zahnarztpraxis-landesbergen.de\/index.php?rest_route=\/wp\/v2\/users\/1"}],"replies":[{"embeddable":true,"href":"https:\/\/www.zahnarztpraxis-landesbergen.de\/index.php?rest_route=%2Fwp%2Fv2%2Fcomments&post=229"}],"version-history":[{"count":2,"href":"https:\/\/www.zahnarztpraxis-landesbergen.de\/index.php?rest_route=\/wp\/v2\/pages\/229\/revisions"}],"predecessor-version":[{"id":405,"href":"https:\/\/www.zahnarztpraxis-landesbergen.de\/index.php?rest_route=\/wp\/v2\/pages\/229\/revisions\/405"}],"wp:attachment":[{"href":"https:\/\/www.zahnarztpraxis-landesbergen.de\/index.php?rest_route=%2Fwp%2Fv2%2Fmedia&parent=229"}],"curies":[{"name":"wp","href":"https:\/\/api.w.org\/{rel}","templated":true}]}}